{"id":1187,"date":"2011-11-16T16:08:28","date_gmt":"2011-11-16T14:08:28","guid":{"rendered":"https:\/\/www.holisticattitude.com\/wordpress\/?page_id=1187"},"modified":"2021-11-18T09:20:36","modified_gmt":"2021-11-18T07:20:36","slug":"vaincre-la-fatigue-par-les-massages-anti-fatigue","status":"publish","type":"page","link":"https:\/\/www.holisticattitude.com\/massage\/vaincre-la-fatigue-par-les-massages-anti-fatigue\/","title":{"rendered":"AUTOMASSAGES: ANTI-FATIGUE"},"content":{"rendered":"<p>Des gestes pour combattre <strong>le coup de pompe, la fatigue <\/strong>et pour<strong> relancer le tonus<\/strong><\/p>\n<table border=\"1\">\n<tr>\n<td width=\"60%\">\n    <strong>M\u00c9THODE<\/strong><\/td>\n<td><strong>ENDROIT<\/strong><\/td>\n<\/tr>\n<tr>\n<td> Cet exercice est<strong> inspir\u00e9 des techniques orientales<\/strong> (Qi Gong) et c&rsquo;est <strong>un geste qui revitalise en cas de coup de pompe<\/strong>.<br \/>\n \u00c9TAPE 1: Tournez VIGOUREUSEMENT le <strong>bout de la langue <\/strong>derri\u00e8re les dents <strong>9 fois<\/strong>, dans chaque sens.<\/td>\n<td>Geste de vitalit\u00e9 : <\/p>\n<div id=\"attachment_10252\" style=\"width: 240px\" class=\"wp-caption aligncenter\"><a href=\"https:\/\/www.holisticattitude.com\/?attachment_id=10252\" rel=\"attachment wp-att-10252\"><img loading=\"lazy\" decoding=\"async\" aria-describedby=\"caption-attachment-10252\" src=\"https:\/\/www.holisticattitude.com\/wp-content\/uploads\/\/tournezleboutdelalangue_f\u00e9v2013.jpg\" alt=\"\" title=\"tournezleboutdelalangue_f\u00e9v2013\" width=\"230\" height=\"110\" class=\"size-full wp-image-10252\" \/><\/a><p id=\"caption-attachment-10252\" class=\"wp-caption-text\">Tournez la langue neuf fois<\/p><\/div>\n<p><\/strong>. <\/td>\n<\/tr>\n<tr>\n<td>Situ\u00e9 \u00e0 <strong>2 doigts sous le nombril<\/strong> est une zone qui s&rsquo;appelle la <strong>MER DE L&rsquo;ENERGIE<\/strong> qui redonne le feu et relance l&rsquo;\u00e9nergie dans le corps.  <strong>Position de depart:<\/strong> \u00c9TAPE 1: Debout ou assis, pieds parall\u00e8les et \u00e9cart\u00e9s de la largeur des hanches.                                                                     \u00c9TAPE 2: Effectuez Une <strong>pression circulaire<\/strong>, douce, environ 5 minutes\u00a0; en appuyant fermement sur le <strong>point <\/strong>avec la pulpe de vos doigts, sans les d\u00e9placer et en massant dans le sens des aiguilles d\u2019une montre.  Les hommes doivent placer leur main gauche sur la<strong> mer de l&rsquo;\u00e9nergie<\/strong>, main droite par dessus, (le contraire pour les femmes). <strong>B\u00c9N\u00c9FICES:<\/strong> Ce geste tonifie le point d\u2019\u00e9nergie et relancera la fluidit\u00e9 du m\u00e9ridien, (Pour soulager <strong>la constipation <\/strong>faites le dans <strong>le sens inverse<\/strong>). <\/td>\n<td>Geste de vitalit\u00e9: <strong>massage du point de la mer<\/strong>, ( de l&rsquo;\u00e9nergie).<div id=\"attachment_4436\" style=\"width: 260px\" class=\"wp-caption alignleft\"><a href=\"https:\/\/www.holisticattitude.com\/wp-content\/uploads\/dantianmassage.jpg\"><img loading=\"lazy\" decoding=\"async\" aria-describedby=\"caption-attachment-4436\" src=\"https:\/\/www.holisticattitude.com\/wp-content\/uploads\/dantianmassage.jpg\" alt=\"Dantian_massage\" title=\"dantianmassage\" width=\"250\" height=\"139\" class=\"size-full wp-image-4436\" \/><\/a><p id=\"caption-attachment-4436\" class=\"wp-caption-text\">2-3 doigts sous le nombril<\/p><\/div><\/td>\n<\/tr>\n<tr>\n<td> II est un <strong>point vital d&rsquo;acupuncture<\/strong> qui se situe dans les<strong> creux des reins<\/strong> entre la 2\u00e8me et la 3\u00e8me vert\u00e8bre lombaires <strong> s&rsquo;appelle le MINGMEN <\/strong>.  II est reli\u00e9 au m\u00e9ridien <strong>vaisseau Gouverneur<\/strong>; <strong>4VG<\/strong>. C&rsquo;est le lieu initial o\u00f9 <strong>r\u00e9side le JING.<\/strong> C&rsquo;est <strong>le lieu de la conjonction<\/strong> des energies , <strong>Yin et YANG<\/strong>, <strong>eau et feu <\/strong>dans un \u00eatre. Ce point d&rsquo;acupuncture peut \u00eatre atteint seulement que par la pens\u00e9e et la concentration.   <strong>Position de depart:<\/strong> ETAPE 1: Debout ou assis, pieds parall\u00e8les et \u00e9cart\u00e9s de la largeur des hanches. ETAPE 2: Faites un massage circulaire en tournant les poings dans un sens et puis dans un autre.<\/p>\n<p><strong>B\u00c9N\u00c9FICES:<\/strong> Masser cette zone tonifie le Rein et nourrit l&rsquo;essence du Rein. Important en Qi Gong pour obtenir une bonne position du basse, relaxer les lombaires et effacer la cambrure du dos<\/td>\n<td><strong>Un geste vitalit\u00e9<\/strong>: massage du MING MEN (aussi connu sous le nom \u00ab<strong>\u00a0la Porte de la vie ou la Destin\u00e9e\u00a0<\/strong>\u00bb).<div id=\"attachment_4437\" style=\"width: 260px\" class=\"wp-caption alignleft\"><a href=\"https:\/\/www.holisticattitude.com\/wp-content\/uploads\/massage_mingmen2.jpg\"><img loading=\"lazy\" decoding=\"async\" aria-describedby=\"caption-attachment-4437\" src=\"https:\/\/www.holisticattitude.com\/wp-content\/uploads\/massage_mingmen2.jpg\" alt=\"massage-mingmen\" title=\"massage_mingmen\" width=\"250\" height=\"119\" class=\"size-full wp-image-4437\" \/><\/a><p id=\"caption-attachment-4437\" class=\"wp-caption-text\">Situ\u00e9 dans les creux des reins<\/p><\/div><\/td>\n<\/tr>\n<tr>\n<td> <strong>\u00c9TAPE 1:<\/strong> Placez votre main droite <strong>entre les orteils <\/strong>du pied gauche et votre main gauche entre les orteils du pied droit. <strong>\u00c9TAPE 2: <\/strong>De main et de pied, <strong>glissez les doigts<\/strong> des mains <strong>entre les orteils<\/strong>. Tr\u00e8s stimulant pour le corps-\u00e0 faire quelques minutes seulement. Un geste qui <strong>dynamise<\/strong><\/td>\n<td><strong>Un Geste vitalit\u00e9<\/strong>: <div id=\"attachment_4444\" style=\"width: 240px\" class=\"wp-caption alignleft\"><a href=\"https:\/\/www.holisticattitude.com\/wp-content\/uploads\/mainentrelesorteils_fev2013.jpg\"><img loading=\"lazy\" decoding=\"async\" aria-describedby=\"caption-attachment-4444\" src=\"https:\/\/www.holisticattitude.com\/wp-content\/uploads\/mainentrelesorteils_fev2013.jpg\" alt=\"mainentrelesorteils\" title=\"mainentrelesorteils_fev2013\" width=\"230\" height=\"110\" class=\"size-full wp-image-4444\" \/><\/a><p id=\"caption-attachment-4444\" class=\"wp-caption-text\">Glisser les DOIGTS des mains entre les ORTEILS<\/p><\/div><\/td>\n<\/tr>\n<tr>\n<td><strong>SURMEN\u00c9E DANS VOTRE TRAVAIL<\/strong>.Effectuez <strong>une pression de l\u2019ongle<\/strong> de quelques secondes sur les 10 points.  <strong>D\u00e9claration des doigts,<\/strong> situ\u00e9s au bout de chaque doigt. A pratique une \u00e0 deux fois par jour pendant une dizaine des jours. En r\u00e9flexologie <strong>les hauts des doigts<\/strong> repr\u00e9sentent la partie<strong> \u00ab\u00a0t\u00eate\u00a0\u00bb. <\/strong><\/td>\n<td><strong>Un geste vitalit\u00e9<\/strong>; <div id=\"attachment_4447\" style=\"width: 240px\" class=\"wp-caption alignleft\"><a href=\"https:\/\/www.holisticattitude.com\/wp-content\/uploads\/massage_doigts_onglesfev2013.jpg\"><img loading=\"lazy\" decoding=\"async\" aria-describedby=\"caption-attachment-4447\" src=\"https:\/\/www.holisticattitude.com\/wp-content\/uploads\/massage_doigts_onglesfev2013.jpg\" alt=\"Massage_doigts\" title=\"massage_doigts_onglesfev2013\" width=\"230\" height=\"130\" class=\"size-full wp-image-4447\" \/><\/a><p id=\"caption-attachment-4447\" class=\"wp-caption-text\">Massage des ONGLES des mains<\/p><\/div><\/td>\n<\/tr>\n<tr>\n<td><strong>VUE: APAISER LES YEUX FATIGU\u00c9S.<\/strong> <strong>Palming <\/strong>:Frottez les mains au d\u00e9but l&rsquo;une contre l&rsquo;autre et ensuite mettez les paumes de vos mains <strong>d\u00e9licatement sur vos YEUX.<\/strong>  Ensuite vous les <strong>gardez le temps<\/strong> dont vous disposez.  Faites <strong>une pause de 5 minutes<\/strong> tout les heures pour reposer votre vue. Ce geste d\u00e9tend e<strong>t revitalise le nerf optique.<\/strong> <\/td>\n<td><strong>Massage des Yeux<\/strong>.<div id=\"attachment_1948\" style=\"width: 244px\" class=\"wp-caption alignleft\"><a href=\"https:\/\/www.holisticattitude.com\/wp-content\/uploads\/palming.jpg\"><img loading=\"lazy\" decoding=\"async\" aria-describedby=\"caption-attachment-1948\" src=\"https:\/\/www.holisticattitude.com\/wp-content\/uploads\/palming.jpg\" alt=\"yeux occulaire palming\" title=\"palming\" width=\"234\" height=\"216\" class=\"size-full wp-image-1948\" \/><\/a><p id=\"caption-attachment-1948\" class=\"wp-caption-text\">Yogadesyeux<\/p><\/div><\/td>\n<\/tr>\n<tr>\n<td><strong>FATIGUE, TENSION, APAISER LES MAUX DE T\u00caTE POST\u00c9RIEURS, DOULEURS CERVICALES, VERTIGES, DOULEURS D&rsquo;\u00c9PAULES ET DE COUDES. <\/strong>Massage \u00ab\u00a0les points d&rsquo;Arnold\u00a0\u00bb sont deux points d&rsquo;insertions musculaires qui se trouvent \u00e0 la base du cr\u00e2ne, dans un creux \u00e0 <strong>deux doigts derri\u00e8re l\u2019oreille<\/strong>. Ils sont le si\u00e8ge de tensions et g\u00e9n\u00e8rent des maux de t\u00eate post\u00e9rieurs. Massage par pression circulaire forte 2 \u00e0 3 minutes chaque pointe recommencez toutes les heures jusqu\u2019\u00e0 disparition de la douleur.<\/td>\n<td>Massez le<strong> point derri\u00e8re la t\u00eate<\/strong>, dans la nuque. <div id=\"attachment_4428\" style=\"width: 180px\" class=\"wp-caption alignleft\"><a href=\"https:\/\/www.holisticattitude.com\/wp-content\/uploads\/massage_pointarnold.jpg\"><img loading=\"lazy\" decoding=\"async\" aria-describedby=\"caption-attachment-4428\" src=\"https:\/\/www.holisticattitude.com\/wp-content\/uploads\/massage_pointarnold.jpg\" alt=\"massage_derri\u00e8ret\u00eate\" title=\"massage_pointarnold\" width=\"170\" height=\"170\" class=\"size-full wp-image-4428\" srcset=\"https:\/\/www.holisticattitude.com\/wp-content\/uploads\/massage_pointarnold.jpg 170w, https:\/\/www.holisticattitude.com\/wp-content\/uploads\/massage_pointarnold-150x150.jpg 150w\" sizes=\"auto, (max-width: 170px) 100vw, 170px\" \/><\/a><p id=\"caption-attachment-4428\" class=\"wp-caption-text\">Le point d'arnold auto-massage<\/p><\/div><\/td>\n<\/tr>\n<\/tbody>\n<\/table>\n","protected":false},"excerpt":{"rendered":"<p>Des gestes pour combattre le coup de pompe, la fatigue et pour relancer le tonus M\u00c9THODE ENDROIT Cet exercice est inspir\u00e9 des techniques orientales (Qi Gong) et c&rsquo;est un geste qui revitalise en cas de coup de pompe. \u00c9TAPE 1: Tournez VIGOUREUSEMENT le bout de la langue derri\u00e8re les dents 9 fois, dans chaque sens. [&hellip;]<\/p>\n","protected":false},"author":1,"featured_media":0,"parent":1176,"menu_order":3,"comment_status":"open","ping_status":"closed","template":"","meta":{"_monsterinsights_skip_tracking":false,"_monsterinsights_sitenote_active":false,"_monsterinsights_sitenote_note":"","_monsterinsights_sitenote_category":0,"slim_seo":{"title":"AUTOMASSAGES: ANTI-FATIGUE - Holistic Attitude","description":"Des gestes pour combattre le coup de pompe, la fatigue et pour relancer le tonus M\u00c9THODE ENDROIT Cet exercice est inspir\u00e9 des techniques orientales (Qi Gong) et"},"footnotes":""},"class_list":["post-1187","page","type-page","status-publish","hentry"],"_links":{"self":[{"href":"https:\/\/www.holisticattitude.com\/wp-json\/wp\/v2\/pages\/1187","targetHints":{"allow":["GET"]}}],"collection":[{"href":"https:\/\/www.holisticattitude.com\/wp-json\/wp\/v2\/pages"}],"about":[{"href":"https:\/\/www.holisticattitude.com\/wp-json\/wp\/v2\/types\/page"}],"author":[{"embeddable":true,"href":"https:\/\/www.holisticattitude.com\/wp-json\/wp\/v2\/users\/1"}],"replies":[{"embeddable":true,"href":"https:\/\/www.holisticattitude.com\/wp-json\/wp\/v2\/comments?post=1187"}],"version-history":[{"count":8,"href":"https:\/\/www.holisticattitude.com\/wp-json\/wp\/v2\/pages\/1187\/revisions"}],"predecessor-version":[{"id":15742,"href":"https:\/\/www.holisticattitude.com\/wp-json\/wp\/v2\/pages\/1187\/revisions\/15742"}],"up":[{"embeddable":true,"href":"https:\/\/www.holisticattitude.com\/wp-json\/wp\/v2\/pages\/1176"}],"wp:attachment":[{"href":"https:\/\/www.holisticattitude.com\/wp-json\/wp\/v2\/media?parent=1187"}],"curies":[{"name":"wp","href":"https:\/\/api.w.org\/{rel}","templated":true}]}}