{"id":1183,"date":"2011-11-16T16:05:25","date_gmt":"2011-11-16T14:05:25","guid":{"rendered":"https:\/\/www.holisticattitude.com\/wordpress\/?page_id=1183"},"modified":"2021-02-05T16:38:52","modified_gmt":"2021-02-05T14:38:52","slug":"massage-dormir-et-reveiller","status":"publish","type":"page","link":"https:\/\/www.holisticattitude.com\/massage\/massage-dormir-et-reveiller\/","title":{"rendered":"AUTOMASSAGE:- R\u00c9VEIL ET SOMMEIL"},"content":{"rendered":"<p><strong> REL\u00c2CHER LES TENSIONS EMMAGASIN\u00c9ES DANS LA JOURN\u00c9E<br \/>\n<\/strong><br \/>\n<a href=\"https:\/\/www.holisticattitude.com\/wp-content\/uploads\/massagerelaxe-.jpg\"><img loading=\"lazy\" decoding=\"async\" src=\"https:\/\/www.holisticattitude.com\/wp-content\/uploads\/massagerelaxe--150x150.jpg\" alt=\"massage_relaxe\" title=\"massagerelaxe -\" width=\"150\" height=\"150\" class=\"aligncenter size-thumbnail wp-image-3224\" \/><\/a><\/p>\n<table border=\"1\">\n<tr>\n<td width=\"60%\">\n    <strong>M\u00c9THODE<\/strong><\/td>\n<td><strong>ENDROIT<\/strong><\/td>\n<\/tr>\n<tr>\n<td><strong>PREPARER POUR LE SOMMEIL:<\/strong> Fermez les yeux, appuyer sur les <strong>TEMPES<\/strong> doucement avec deux doigts <strong>(l\u2019index et le majeur<\/strong>) en expirant et rel\u00e2cher en inspirant.  R\u00e9p\u00e9tez ce geste au moins 3 fois.<\/p>\n<li> Le m\u00e9ridien concern\u00e9 est le <strong>v\u00e9sicule biliaire (3VB) <\/strong><\/li>\n<\/td>\n<td>\u00c0 faire <strong>AVANT d&rsquo;aller AU LIT<\/strong> <a href=\"https:\/\/www.holisticattitude.com\/wp-content\/uploads\/tempesmassage1.png\"><img loading=\"lazy\" decoding=\"async\" src=\"https:\/\/www.holisticattitude.com\/wp-content\/uploads\/tempesmassage1.png\" alt=\"tempesmassage\" title=\"tempesmassage\" width=\"133\" height=\"159\" class=\"aligncenter size-full wp-image-3790\" \/><\/a><\/td>\n<\/tr>\n<tr>\n<td>\n<li>Ce point d&rsquo;acupuncture se trouve<strong> au-dessus les l\u00e8vres sup\u00e9rieures<\/strong> et sous le nez. <\/li>\n<li>C&rsquo;est <strong>un geste DE R\u00c9VEIL.<\/strong>  Ne l&rsquo;abusez pas.  <\/li>\n<li>C&rsquo;est un point d&rsquo;acupuncture qui permet un r\u00e9\u00e9quilibrage des \u00e9nergies lors d&rsquo;une malaise, mal des transports, endormissement.<\/li>\n<p> Un<strong> point de &lsquo;r\u00e9animation&rsquo; -un peu douloureux.<\/strong>\t<\/p>\n<li> La pression sur le point se permet de se dynamiser et de se recentrer les \u00e9nergies. <\/li>\n<li>Le m\u00e9ridien concern\u00e9 est le <strong> vaisseau Gouverneur 20 VG\/Du Mai<\/strong><\/li>\n<p><strong>\t<\/p>\n<li> Appuyez sur ce point en expirant et rel\u00e2chez-le<\/strong> en inspirant. <\/li>\n<li>R\u00e9p\u00e9tez ce geste au moins<strong> 3<\/strong> fois.<\/li>\n<\/td>\n<td>2.<br \/>\n<div id=\"attachment_10286\" style=\"width: 190px\" class=\"wp-caption aligncenter\"><a href=\"https:\/\/www.holisticattitude.com\/?attachment_id=10286\" rel=\"attachment wp-att-10286\"><img loading=\"lazy\" decoding=\"async\" aria-describedby=\"caption-attachment-10286\" src=\"https:\/\/www.holisticattitude.com\/wp-content\/uploads\/\/acupuncture_point_VISAGE_f\u00e9v20131.jpg\" alt=\"\" title=\"acupuncture_point_VISAGE_f\u00e9v2013\" width=\"180\" height=\"115\" class=\"size-full wp-image-10286\" \/><\/a><p id=\"caption-attachment-10286\" class=\"wp-caption-text\">Point de R\u00e9veil en cas d'urgence<\/p><\/div><\/p>\n<\/td>\n<\/tr>\n<\/tbody>\n<\/table>\n","protected":false},"excerpt":{"rendered":"<p>REL\u00c2CHER LES TENSIONS EMMAGASIN\u00c9ES DANS LA JOURN\u00c9E M\u00c9THODE ENDROIT PREPARER POUR LE SOMMEIL: Fermez les yeux, appuyer sur les TEMPES doucement avec deux doigts (l\u2019index et le majeur) en expirant et rel\u00e2cher en inspirant. R\u00e9p\u00e9tez ce geste au moins 3 fois. Le m\u00e9ridien concern\u00e9 est le v\u00e9sicule biliaire (3VB) \u00c0 faire AVANT d&rsquo;aller AU LIT [&hellip;]<\/p>\n","protected":false},"author":1,"featured_media":0,"parent":1176,"menu_order":11,"comment_status":"open","ping_status":"closed","template":"","meta":{"_monsterinsights_skip_tracking":false,"_monsterinsights_sitenote_active":false,"_monsterinsights_sitenote_note":"","_monsterinsights_sitenote_category":0,"slim_seo":{"title":"AUTOMASSAGE:- R\u00c9VEIL ET SOMMEIL - Holistic Attitude","description":"REL\u00c2CHER LES TENSIONS EMMAGASIN\u00c9ES DANS LA JOURN\u00c9E M\u00c9THODE ENDROIT PREPARER POUR LE SOMMEIL: Fermez les yeux, appuyer sur les TEMPES doucement avec deux doigts"},"footnotes":""},"class_list":["post-1183","page","type-page","status-publish","hentry"],"_links":{"self":[{"href":"https:\/\/www.holisticattitude.com\/wp-json\/wp\/v2\/pages\/1183","targetHints":{"allow":["GET"]}}],"collection":[{"href":"https:\/\/www.holisticattitude.com\/wp-json\/wp\/v2\/pages"}],"about":[{"href":"https:\/\/www.holisticattitude.com\/wp-json\/wp\/v2\/types\/page"}],"author":[{"embeddable":true,"href":"https:\/\/www.holisticattitude.com\/wp-json\/wp\/v2\/users\/1"}],"replies":[{"embeddable":true,"href":"https:\/\/www.holisticattitude.com\/wp-json\/wp\/v2\/comments?post=1183"}],"version-history":[{"count":16,"href":"https:\/\/www.holisticattitude.com\/wp-json\/wp\/v2\/pages\/1183\/revisions"}],"predecessor-version":[{"id":16224,"href":"https:\/\/www.holisticattitude.com\/wp-json\/wp\/v2\/pages\/1183\/revisions\/16224"}],"up":[{"embeddable":true,"href":"https:\/\/www.holisticattitude.com\/wp-json\/wp\/v2\/pages\/1176"}],"wp:attachment":[{"href":"https:\/\/www.holisticattitude.com\/wp-json\/wp\/v2\/media?parent=1183"}],"curies":[{"name":"wp","href":"https:\/\/api.w.org\/{rel}","templated":true}]}}