{"id":1176,"date":"2011-11-16T15:57:40","date_gmt":"2011-11-16T13:57:40","guid":{"rendered":"http:\/\/www.holisticattitude.com\/wordpress\/?page_id=1176"},"modified":"2014-07-23T15:34:50","modified_gmt":"2014-07-23T13:34:50","slug":"massage","status":"publish","type":"page","link":"https:\/\/www.holisticattitude.com\/?page_id=1176","title":{"rendered":"MASSAGE"},"content":{"rendered":"<p><a href=\"https:\/\/www.holisticattitude.com\/wp-content\/uploads\/imagesCAJO6GHA1.jpg\"><img loading=\"lazy\" decoding=\"async\" src=\"https:\/\/www.holisticattitude.com\/wp-content\/uploads\/imagesCAJO6GHA1.jpg\" alt=\"massages_mains\" title=\"imagesCAJO6GHA\" width=\"134\" height=\"104\" class=\"aligncenter size-full wp-image-3212\" \/><\/a><\/p>\n<p>L&rsquo;\u00e9tymologie du &lsquo;mot&rsquo; massage n&rsquo;est pas connu avec certitude. II a apparu dans le dictionnaire au 19e si\u00e8cle et tire son \u00e9tymologie du mot grec <em>&lsquo;massein<\/em>&lsquo; de l&rsquo;arabe  <em>mass<\/em>, de l&rsquo;h\u00e9breu &lsquo;<em>mashesh&rsquo;<\/em> dont le sens est <strong>&lsquo;palper, p\u00e9trir, presser <\/strong>l\u00e9g\u00e8rement&rsquo;.<\/p>\n<p>Toucher est important pour le corps humain et l&rsquo;esprit, c&rsquo;est un besoin vital et \u00e9quilibrant.  Le <strong>TOUCHER<\/strong> est l&rsquo;un des premiers moyens qui permet au b\u00e9b\u00e9 de <strong>communiquer \u00e0 sa maman.<\/strong><\/p>\n<p>M\u00eame si vous vous trouvez seul dans la vie aujourd&rsquo;hui vous pouvez vous masser.  Votre \u00e2me et votre esprit vous en serez tr\u00e8s reconnaissant.<br \/>\nLe massage est important pour la circulation sanguine, le renouvellement cellulaire, la tonification musculaire, la densit\u00e9 de la peau.<br \/>\n<strong>Soyez Prudent<\/strong> la peau est fragile, c&rsquo;est la raison pour laquelle il est important que vos gestes soient doux avec de la tendresse, de la d\u00e9licatesse et de l&rsquo;amour.<\/p>\n","protected":false},"excerpt":{"rendered":"<p>L&rsquo;\u00e9tymologie du &lsquo;mot&rsquo; massage n&rsquo;est pas connu avec certitude. II a apparu dans le dictionnaire au 19e si\u00e8cle et tire son \u00e9tymologie du mot grec &lsquo;massein&lsquo; de l&rsquo;arabe mass, de l&rsquo;h\u00e9breu &lsquo;mashesh&rsquo; dont le sens est &lsquo;palper, p\u00e9trir, presser l\u00e9g\u00e8rement&rsquo;. Toucher est important pour le corps humain et l&rsquo;esprit, c&rsquo;est un besoin vital et \u00e9quilibrant. [&hellip;]<\/p>\n","protected":false},"author":1,"featured_media":0,"parent":0,"menu_order":0,"comment_status":"open","ping_status":"closed","template":"","meta":{"_monsterinsights_skip_tracking":false,"_monsterinsights_sitenote_active":false,"_monsterinsights_sitenote_note":"","_monsterinsights_sitenote_category":0,"slim_seo":{"title":"MASSAGE - Holistic Attitude","description":"L'\u00e9tymologie du 'mot' massage n'est pas connu avec certitude. II a apparu dans le dictionnaire au 19e si\u00e8cle et tire son \u00e9tymologie du mot grec 'massein ' de l'"},"footnotes":""},"class_list":["post-1176","page","type-page","status-publish","hentry"],"_links":{"self":[{"href":"https:\/\/www.holisticattitude.com\/index.php?rest_route=\/wp\/v2\/pages\/1176","targetHints":{"allow":["GET"]}}],"collection":[{"href":"https:\/\/www.holisticattitude.com\/index.php?rest_route=\/wp\/v2\/pages"}],"about":[{"href":"https:\/\/www.holisticattitude.com\/index.php?rest_route=\/wp\/v2\/types\/page"}],"author":[{"embeddable":true,"href":"https:\/\/www.holisticattitude.com\/index.php?rest_route=\/wp\/v2\/users\/1"}],"replies":[{"embeddable":true,"href":"https:\/\/www.holisticattitude.com\/index.php?rest_route=%2Fwp%2Fv2%2Fcomments&post=1176"}],"version-history":[{"count":1,"href":"https:\/\/www.holisticattitude.com\/index.php?rest_route=\/wp\/v2\/pages\/1176\/revisions"}],"predecessor-version":[{"id":11018,"href":"https:\/\/www.holisticattitude.com\/index.php?rest_route=\/wp\/v2\/pages\/1176\/revisions\/11018"}],"wp:attachment":[{"href":"https:\/\/www.holisticattitude.com\/index.php?rest_route=%2Fwp%2Fv2%2Fmedia&parent=1176"}],"curies":[{"name":"wp","href":"https:\/\/api.w.org\/{rel}","templated":true}]}}