{"id":11510,"date":"2015-05-31T19:56:33","date_gmt":"2015-05-31T17:56:33","guid":{"rendered":"https:\/\/www.holisticattitude.com\/?page_id=11510"},"modified":"2023-11-12T20:48:01","modified_gmt":"2023-11-12T18:48:01","slug":"termes-anatomiques-pied-cheville","status":"publish","type":"page","link":"https:\/\/www.holisticattitude.com\/tete\/termes-anatomiques-pied-cheville\/","title":{"rendered":"TERMES ANATOMIQUES : PIED CHEVILLE &#8230;."},"content":{"rendered":"<table border=\"1\">\n<tbody>\n<tr>\n<td width=\"60%\"><strong>TERME ANATOMIQUE<\/strong><\/td>\n<td><strong>R\u00c9PRESENTATION <\/strong><\/td>\n<\/tr>\n<tr>\n<td><strong>ABDUCTION<\/strong> correspond \u00e0 une rotation lat\u00e9rale de l\u2019avant du pied qui s&rsquo;\u00e9loigne du corps, (l\u2019avant du pied se tourne en dehors)<\/td>\n<td>\n<p><div id=\"attachment_11530\" style=\"width: 177px\" class=\"wp-caption aligncenter\"><a href=\"https:\/\/www.holisticattitude.com\/wp-content\/uploads\/\/ABDUCTION.png\"><img loading=\"lazy\" decoding=\"async\" aria-describedby=\"caption-attachment-11530\" class=\"size-full wp-image-11530\" src=\"https:\/\/www.holisticattitude.com\/wp-content\/uploads\/\/ABDUCTION.png\" alt=\"Pivotez vers l'ext\u00e9rieur\" width=\"167\" height=\"207\" \/><\/a><p id=\"caption-attachment-11530\" class=\"wp-caption-text\">Pivotez vers l&rsquo;ext\u00e9rieur<\/p><\/div><\/td>\n<\/tr>\n<tr>\n<td><strong>ADDUCTION<\/strong> : Observ\u00e9 du plan frontal,l\u2019adduction correspond \u00e0 une rotation lat\u00e9rale qui rapproche l\u2019avant du pied du corps, (l\u2019avant du pied se porte en dedans)<\/td>\n<td>\n<p><div id=\"attachment_11528\" style=\"width: 175px\" class=\"wp-caption aligncenter\"><a href=\"https:\/\/www.holisticattitude.com\/wp-content\/uploads\/\/ADDUCTION.png\"><img loading=\"lazy\" decoding=\"async\" aria-describedby=\"caption-attachment-11528\" class=\"size-full wp-image-11528\" src=\"https:\/\/www.holisticattitude.com\/wp-content\/uploads\/\/ADDUCTION.png\" alt=\"ADDUCTION\" width=\"165\" height=\"218\" \/><\/a><p id=\"caption-attachment-11528\" class=\"wp-caption-text\">ADDUCTION<\/p><\/div><\/td>\n<\/tr>\n<tr>\n<td><strong> GLISSE JOINT<\/strong> L&rsquo;articulation de la cheville est une articulation <strong>synoviale<\/strong>, car il contient la membrane synoviale des tissus mous. L&rsquo;ensemble du joint est situ\u00e9 dans une <strong>capsule<\/strong> et cette capsule est positionn\u00e9e le long de la membrane synoviale et contient le liquide synovial, les <strong>articulations<\/strong> qui les graisses et rend possible le mouvement et indolore.<br \/>\nII existe <strong> SIX types d&rsquo;articulations synoviales<\/strong> dont la cheville est un articulation trochl\u00e9enne ou ginglyme ou un joint de glisse (sliding en anglais). L&rsquo;articulation forme une charni\u00e8re et ne permet qu\u2019un <strong>seul degr\u00e9 de libert\u00e9<\/strong> la flexion et l&rsquo;extension du pied. Des exemples de <strong>glisse joints<\/strong> comprennent les articulations des <strong>poignets<\/strong> et des chevilles. Les joints de glisse, sont comme leur nom l&rsquo;sugg\u00e8re, deux plaques <strong>qui se d\u00e9placent l&rsquo;un contre l&rsquo;autre.<\/strong><\/td>\n<td>\n<p><div id=\"attachment_11533\" style=\"width: 210px\" class=\"wp-caption aligncenter\"><a href=\"https:\/\/www.holisticattitude.com\/wp-content\/uploads\/\/articulation-cheville.png\"><img loading=\"lazy\" decoding=\"async\" aria-describedby=\"caption-attachment-11533\" class=\"size-full wp-image-11533\" src=\"https:\/\/www.holisticattitude.com\/wp-content\/uploads\/\/articulation-cheville.png\" alt=\"ARTICULATION TROCHL\u00c9ENNE\" width=\"200\" height=\"199\" srcset=\"https:\/\/www.holisticattitude.com\/wp-content\/uploads\/articulation-cheville.png 200w, https:\/\/www.holisticattitude.com\/wp-content\/uploads\/articulation-cheville-150x150.png 150w\" sizes=\"auto, (max-width: 200px) 100vw, 200px\" \/><\/a><p id=\"caption-attachment-11533\" class=\"wp-caption-text\">ARTICULATION TROCHL\u00c9ENNE<\/p><\/div><\/td>\n<\/tr>\n<tr>\n<td><strong>DORSIFLEXION<\/strong><\/p>\n<ul>ou Flexion Dorsale : le pied remonte en rapprochant du tibia<\/ul>\n<\/td>\n<td>\n<p><div id=\"attachment_11516\" style=\"width: 249px\" class=\"wp-caption aligncenter\"><a href=\"https:\/\/www.holisticattitude.com\/wp-content\/uploads\/\/images-13.jpg\"><img loading=\"lazy\" decoding=\"async\" aria-describedby=\"caption-attachment-11516\" class=\"size-full wp-image-11516\" src=\"https:\/\/www.holisticattitude.com\/wp-content\/uploads\/\/images-13.jpg\" alt=\"DORSIFLEXION VERS LE HAUT\" width=\"239\" height=\"211\" \/><\/a><p id=\"caption-attachment-11516\" class=\"wp-caption-text\">DORSIFLEXION VERS LE HAUT<\/p><\/div><\/td>\n<\/tr>\n<tr>\n<td><strong> PLANTARFLEXION<\/strong> ou flexion plantaire\/extension le mouvement inverse du dorsiflexion, le pied va vers le bas (presque dans le prolongement de la jambe) comme une danseuse<\/td>\n<td>\n<p><div id=\"attachment_11515\" style=\"width: 249px\" class=\"wp-caption aligncenter\"><a href=\"https:\/\/www.holisticattitude.com\/wp-content\/uploads\/\/images-12.jpg\"><img loading=\"lazy\" decoding=\"async\" aria-describedby=\"caption-attachment-11515\" class=\"size-full wp-image-11515\" src=\"https:\/\/www.holisticattitude.com\/wp-content\/uploads\/\/images-12.jpg\" alt=\"PLANTARFLEXION VERS LE BAS\" width=\"239\" height=\"211\" \/><\/a><p id=\"caption-attachment-11515\" class=\"wp-caption-text\">PLANTARFLEXSION VERS LE BAS<\/p><\/div><\/td>\n<\/tr>\n<tr>\n<td><strong>INVERSION <\/strong>est un terme sp\u00e9cifique \u00e0 l\u2019articulation de la cheville. INVERSION la cheville se tord vers l\u2019int\u00e9rieur (une rotation interne m\u00e9diale)<\/td>\n<td>\n<p><div id=\"attachment_11525\" style=\"width: 151px\" class=\"wp-caption aligncenter\"><a href=\"https:\/\/www.holisticattitude.com\/wp-content\/uploads\/\/INVERSION-01.png\"><img loading=\"lazy\" decoding=\"async\" aria-describedby=\"caption-attachment-11525\" class=\"size-full wp-image-11525\" src=\"https:\/\/www.holisticattitude.com\/wp-content\/uploads\/\/INVERSION-01.png\" alt=\"INVERSION\" width=\"141\" height=\"143\" \/><\/a><p id=\"caption-attachment-11525\" class=\"wp-caption-text\">INVERSION<\/p><\/div><\/td>\n<\/tr>\n<tr>\n<td><strong>\u00c9VERSION<\/strong> est un terme sp\u00e9cifique \u00e0 l\u2019articulation de la cheville. la cheville se tord vers l\u2019ext\u00e9rieur (correspond \u00e0 une rotation externe lat\u00e9rale).<\/td>\n<td>\n<p><div id=\"attachment_11524\" style=\"width: 158px\" class=\"wp-caption aligncenter\"><a href=\"https:\/\/www.holisticattitude.com\/wp-content\/uploads\/\/EVERSION.png\"><img loading=\"lazy\" decoding=\"async\" aria-describedby=\"caption-attachment-11524\" class=\"size-full wp-image-11524\" src=\"https:\/\/www.holisticattitude.com\/wp-content\/uploads\/\/EVERSION.png\" alt=\"EVERSION\" width=\"148\" height=\"145\" \/><\/a><p id=\"caption-attachment-11524\" class=\"wp-caption-text\">EVERSION<\/p><\/div><\/td>\n<\/tr>\n<tr>\n<td>La <strong>PRONATION<\/strong> correspond \u00e0 une \u00e9version du calcan\u00e9um (l\u2019os du talon) , le pied s\u2019oriente dehors. Souvent on \u00e9tend les magasins sp\u00e9cialis\u00e9s utiliser ce MOT.<\/td>\n<td>\n<p><div id=\"attachment_11521\" style=\"width: 118px\" class=\"wp-caption aligncenter\"><a href=\"https:\/\/www.holisticattitude.com\/wp-content\/uploads\/\/PRONATION.png\"><img loading=\"lazy\" decoding=\"async\" aria-describedby=\"caption-attachment-11521\" class=\"size-full wp-image-11521\" src=\"https:\/\/www.holisticattitude.com\/wp-content\/uploads\/\/PRONATION.png\" alt=\"PRONATION\" width=\"108\" height=\"96\" \/><\/a><p id=\"caption-attachment-11521\" class=\"wp-caption-text\">PRONATION<\/p><\/div><\/td>\n<\/tr>\n<tr>\n<td>La <strong>SUPINATION<\/strong> correspond \u00e0 une inversion du calcan\u00e9um (l&rsquo;os du talon) , le pied tourne de telle sorte que la plante s\u2019oriente dedans. Souvent on \u00e9tend les magasins sp\u00e9cialis\u00e9s utiliser ce mot.<\/td>\n<td>\n<p><div id=\"attachment_11522\" style=\"width: 102px\" class=\"wp-caption aligncenter\"><a href=\"https:\/\/www.holisticattitude.com\/wp-content\/uploads\/\/SUPINATION.png\"><img loading=\"lazy\" decoding=\"async\" aria-describedby=\"caption-attachment-11522\" class=\"size-full wp-image-11522\" src=\"https:\/\/www.holisticattitude.com\/wp-content\/uploads\/\/SUPINATION.png\" alt=\"SUPINATION\" width=\"92\" height=\"119\" \/><\/a><p id=\"caption-attachment-11522\" class=\"wp-caption-text\">SUPINATION<\/p><\/div><\/td>\n<\/tr>\n<tr>\n<td><\/td>\n<td><\/td>\n<\/tr>\n<\/tbody>\n<\/table>\n","protected":false},"excerpt":{"rendered":"<p>TERME ANATOMIQUE R\u00c9PRESENTATION ABDUCTION correspond \u00e0 une rotation lat\u00e9rale de l\u2019avant du pied qui s&rsquo;\u00e9loigne du corps, (l\u2019avant du pied se tourne en dehors) ADDUCTION : Observ\u00e9 du plan frontal,l\u2019adduction correspond \u00e0 une rotation lat\u00e9rale qui rapproche l\u2019avant du pied du corps, (l\u2019avant du pied se porte en dedans) GLISSE JOINT L&rsquo;articulation de la cheville [&hellip;]<\/p>\n","protected":false},"author":1,"featured_media":0,"parent":197,"menu_order":17,"comment_status":"open","ping_status":"open","template":"","meta":{"_monsterinsights_skip_tracking":false,"_monsterinsights_sitenote_active":false,"_monsterinsights_sitenote_note":"","_monsterinsights_sitenote_category":0,"slim_seo":{"title":"TERMES ANATOMIQUES : PIED CHEVILLE .... - Holistic Attitude","description":"TERME ANATOMIQUE R\u00c9PRESENTATION ABDUCTION correspond \u00e0 une rotation lat\u00e9rale de l\u2019avant du pied qui s'\u00e9loigne du corps, (l\u2019avant du pied se tourne en dehors) Pi"},"footnotes":""},"class_list":["post-11510","page","type-page","status-publish","hentry"],"_links":{"self":[{"href":"https:\/\/www.holisticattitude.com\/wp-json\/wp\/v2\/pages\/11510","targetHints":{"allow":["GET"]}}],"collection":[{"href":"https:\/\/www.holisticattitude.com\/wp-json\/wp\/v2\/pages"}],"about":[{"href":"https:\/\/www.holisticattitude.com\/wp-json\/wp\/v2\/types\/page"}],"author":[{"embeddable":true,"href":"https:\/\/www.holisticattitude.com\/wp-json\/wp\/v2\/users\/1"}],"replies":[{"embeddable":true,"href":"https:\/\/www.holisticattitude.com\/wp-json\/wp\/v2\/comments?post=11510"}],"version-history":[{"count":24,"href":"https:\/\/www.holisticattitude.com\/wp-json\/wp\/v2\/pages\/11510\/revisions"}],"predecessor-version":[{"id":11754,"href":"https:\/\/www.holisticattitude.com\/wp-json\/wp\/v2\/pages\/11510\/revisions\/11754"}],"up":[{"embeddable":true,"href":"https:\/\/www.holisticattitude.com\/wp-json\/wp\/v2\/pages\/197"}],"wp:attachment":[{"href":"https:\/\/www.holisticattitude.com\/wp-json\/wp\/v2\/media?parent=11510"}],"curies":[{"name":"wp","href":"https:\/\/api.w.org\/{rel}","templated":true}]}}