{"id":11438,"date":"2015-05-20T15:41:01","date_gmt":"2015-05-20T13:41:01","guid":{"rendered":"http:\/\/www.holisticattitude.com\/?page_id=11438"},"modified":"2020-03-27T18:12:02","modified_gmt":"2020-03-27T16:12:02","slug":"les-hormones-sexuelles","status":"publish","type":"page","link":"https:\/\/www.holisticattitude.com\/?page_id=11438","title":{"rendered":"LES HORMONES SEXUELLES"},"content":{"rendered":"<div id=\"attachment_11759\" style=\"width: 200px\" class=\"wp-caption aligncenter\"><a href=\"https:\/\/www.holisticattitude.com\/wp-content\/uploads\/\/hormones_sexuelles.jpg\"><img loading=\"lazy\" decoding=\"async\" aria-describedby=\"caption-attachment-11759\" src=\"https:\/\/www.holisticattitude.com\/wp-content\/uploads\/\/hormones_sexuelles.jpg\" alt=\" L&#039;attirance sexuelle, un cocktail d&#039;hormones\" width=\"190\" height=\"221\" class=\"size-full wp-image-11759\" \/><\/a><p id=\"caption-attachment-11759\" class=\"wp-caption-text\">L&rsquo;attirance sexuelle, un cocktail d&rsquo;hormones<\/p><\/div>\n<p>Les <strong>hormones sexuelles<\/strong> naturelles sont des st\u00e9ro\u00efdes (des hormones de croissance) qui interviennent dans la reproduction et le d\u00e9terminisme des <strong>caract\u00e8res sexuels.<\/strong><\/p>\n<p>Chez les femmes elles sont en partie responsables du <strong>gonflement des seins, <\/strong>de <strong>la pilosit\u00e9<\/strong>, la <strong>distribution des graisses<\/strong>, la <strong>libido,<\/strong> les <strong>changements d&rsquo;humeurs<\/strong> et de la <strong>constitution du squelette. <\/strong><\/p>\n<p>Chez les hommes elles jouent un r\u00f4le important dans la <strong>pilosit\u00e9<\/strong>, le d\u00e9veloppement <strong>des muscles<\/strong> et la mue de <strong>la voix<\/strong>.<\/p>\n<p>Chez les m\u00e2les, l&rsquo;hormone sexuelle principale s&rsquo;appelle <strong>la testost\u00e9rone,<\/strong> <\/p>\n<p>Chez la femelle, les hormones sexuelles sont :-<strong> 1) l&rsquo;oestrone<\/strong> (pr\u00e9curseur de l&rsquo;oestradiol)<br \/>\n2) <strong>l&rsquo;oestradiol,<\/strong><br \/>\n3) <strong>l\u2019\u0153stral.<\/strong> (l&rsquo;hormone est pr\u00e9sente pendant l&rsquo;ovulation,absente pendant la grossesse et dispara\u00eet pendant la m\u00e9nopause)  et 4) la <strong>progest\u00e9rone<\/strong>.<\/p>\n<table border=\"3\" width=\"300\">\n<tbody>\n<tr>\n<td width=\"30%\">\n<ul>\n<li><strong>LE NOM<\/strong> <\/li>\n<\/ul>\n<\/td>\n<td>\n<ul>\n<li> <strong> LES EFFETS <\/strong><\/li>\n<\/ul>\n<\/td>\n<\/tr>\n<tr>\n<td> <strong>OESTROGEN <\/strong> ORGANE PRODUCTEUR \t<\/p>\n<li> Produites par les OVAIRES des femmes r\u00e9gl\u00e9es.<\/li>\n<li> Mais peuvent aussi \u00eatre produites chez les femmes comme chez les hommes par d\u2019autres tissus comme le <strong>TISSU ADIPEUX<\/strong> et le <strong>CERVEAU<\/strong> (d\u00e9couverte r\u00e9cente de l\u2019Universit\u00e9 de Wisconsin- Madison) <\/li>\n<li> Certains \u0153strog\u00e8nes sont produits en plus petites quantit\u00e9s par d\u2019autres tissus comme le <strong>FOIE<\/strong>, les <strong>GLANDES SURR\u00c9NALES<\/strong> et les <strong>SEINS<\/strong>. Ces sources secondaires d\u2019\u0153strog\u00e8nes sont particuli\u00e8rement importantes pour les <strong>femmes m\u00e9nopaus\u00e9es<\/strong>. <\/li>\n<\/td>\n<td>\nIl y a trois types <strong>d\u2019\u0153strog\u00e8nes<\/strong><br \/>\na) <strong>l\u2019\u0153strone<\/strong>,<br \/>\nb) <strong>l\u2019\u0153stradiol<\/strong> le taux tombe \u00e0 un niveau tr\u00e8s bas pendant la m\u00e9nopause<br \/>\nc) <strong>l\u2019\u0153stral<\/strong>. (pr\u00e9sent pendant la grossesse)<\/p>\n<p><strong>CERVEAU<\/strong>  <\/p>\n<li> IIs aident \u00e0 r\u00e9guler la temp\u00e9rature du corps <\/li>\n<li> IIs luttent contre les <strong>pertes de m\u00e9moire<\/strong> <\/li>\n<p><\/BR><br \/>\n<strong>C\u0152UR ET FOIE<\/strong><\/p>\n<li> Ils r\u00e9gulent la production de <strong>cholest\u00e9rol<\/strong> (ce qui pr\u00e9vient l\u2019obstruction des art\u00e8res coronaires) <\/li>\n<p><\/BR><br \/>\n<strong>PEAU<\/strong><\/p>\n<li>  Ils interviennent dans la fabrication de <strong>la graisse<\/strong> et contribuent \u00e0 <strong>la r\u00e9tention d&rsquo;eau<\/strong>. Par ces deux m\u00e9canismes, ils peuvent induire une <strong>prise de poids <\/strong>lorsqu&rsquo;ils sont s\u00e9cr\u00e9t\u00e9s en trop grande quantit\u00e9 par les ovaires ou lorsqu&rsquo;ils ne sont pas <strong>contrebalanc\u00e9s<\/strong> par la progest\u00e9rone. <\/li>\n<p><\/BR><br \/>\n<strong>OVAIRES<\/strong> <\/p>\n<li> IIs stimulent leur maturation. <\/li>\n<li> IIs d\u00e9clenchent <strong>le cycle menstruel <\/strong><\/li>\n<p><\/BR><br \/>\n<strong>VAGIN<\/strong> : <\/p>\n<li>  Ils stimulent sa maturation. IIs contribuent \u00e0 sa lubrification et <strong>renforcent sa paroi.<\/strong>  <\/li>\n<p><strong>SEINS<\/strong> <\/p>\n<li> IIs stimulent leur d\u00e9veloppement  \u00e0 la <strong>pubert\u00e9<\/strong>. <\/li>\n<li> Ils les pr\u00e9parent \u00e0 la <strong>production du lait.<\/strong> <\/li>\n<p><\/BR><br \/>\n<strong>UT\u00c9RUS<\/strong> :<\/p>\n<li> Ils stimulent sa maturation. <\/li>\n<li> IIs aident l\u2019ut\u00e9rus \u00e0 nourrir le f\u0153tus en d\u00e9veloppement<br \/>\n<strong> SQUELETTE<\/strong> <\/p>\n<li> Ils maintiennent la <strong>densit\u00e9 des os.<\/strong> <\/li>\n<p><\/BR>\n<\/td>\n<\/tr>\n<tr>\n<td><strong> PROGESTERONE <\/strong> ORGANE PRODUCTEUR -ST\u00c9RO\u00cfDE <\/p>\n<li> Elles sont produites par <strong> les ovaires <\/strong> des femmes r\u00e9gl\u00e9es.<\/li>\n<li> Apr\u00e8s la m\u00e9nopause, une certaine quantit\u00e9 de progest\u00e9rone est produite en petite quantit\u00e9 par les <strong> glandes SURR\u00c9NALES<\/strong> de l&rsquo;homme comme de la femme et dans les TESTICULES de l&rsquo;homme. <\/li>\n<li> Elle est \u00e9galement produite dans <strong>le CERVEAU<\/strong> ET les <strong> NERFS P\u00c9RIPH\u00c9RIQUES.<\/strong> <\/li>\n<\/td>\n<td>\n<li> Elle a un effet relaxante, un <strong>effet s\u00e9datif <\/strong>l\u00e9ger. <\/li>\n<li> Elle joue un r\u00f4le crucial dans le <strong>cycle menstruel<\/strong> et la <strong>grossesse <\/strong> <\/li>\n<li> Elle joue un r\u00f4le physiologique important dans le <strong>cycle menstruel.<\/strong> <\/li>\n<li> Elle contribue \u00e0 pr\u00e9parer le corps \u00e0 la conception et r\u00e9gule le <strong> cycle menstruel<\/strong>. <\/li>\n<li> Elle joue aussi un r\u00f4le important dans la <strong>phase lut\u00e9ale<\/strong> du cycle. <\/li>\n<li> Elle induit la modification cyclique de <strong>l\u2019endom\u00e8tre <\/strong>qui permet l\u2019implantation de l\u2019ovule f\u00e9cond\u00e9.  <\/li>\n<li> Elle joue aussi un r\u00f4le dans l<strong>e d\u00e9sir sexuel.<\/strong> <\/li>\n<li>  Pendant la grosses elle est aussi responsable de <strong> l\u2019entretien de l\u2019ut\u00e9rus <\/strong>, elle pr\u00e9pare l&rsquo;ut\u00e9rus \u00e0<strong> la nidation,<\/strong>  <strong> l&rsquo;inhibition des contractions<\/strong> ut\u00e9rines jusqu\u2019au moment de la parturition et de la pr\u00e9paration des seins \u00e0 la <strong>lactation<\/strong>. Elle augmente le tonus du <strong>col de l&rsquo;ut\u00e9rus.<\/strong> <\/li>\n<p><div id=\"attachment_15201\" style=\"width: 211px\" class=\"wp-caption aligncenter\"><img loading=\"lazy\" decoding=\"async\" aria-describedby=\"caption-attachment-15201\" src=\"https:\/\/www.holisticattitude.com\/wp-content\/uploads\/\/colut\u00e9rus.png\" alt=\"\" width=\"201\" height=\"237\" class=\"size-full wp-image-15201\" \/><p id=\"caption-attachment-15201\" class=\"wp-caption-text\">col: augmentation du tonus<\/p><\/div>\n<\/td>\n<\/tr>\n<tr>\n<td><strong> TESTOST\u00c9RONE<\/strong> ORGANE PRODUCTEUR \t<\/p>\n<li>L\u2019essentiel de la production a lieu dans les <strong>OVAIRES<\/strong>, durant la p\u00e9riode de fertilit\u00e9, mais la testost\u00e9rone est aussi fabriqu\u00e9e par les <strong>GLANDES SURR\u00c9NALES<\/strong>. Chez les hommes les <strong>TESTICULES<\/strong> sont le si\u00e8ge de la production de testost\u00e9rone. <\/li>\n<\/td>\n<td>\n<li>Le <strong>taux<\/strong> commence \u00e0 diminuer tout doucement \u00e0 partir de 30 ans.<br \/>\n  Chez les femmes \u00e0 la <strong> cinquantaine,<\/strong> elle est donc plus basse qu&rsquo;auparavant. Ce n&rsquo;est pas sp\u00e9cifiquement li\u00e9 \u00e0 la m\u00e9nopause puisque c&rsquo;est un <strong> processus progressif<\/strong>  <\/li>\n<li> Chez les femmes elle joue un r\u00f4le dans le maintien du <strong>d\u00e9sir sexuel<\/strong>.<\/li>\n<li>Chez les femmes, la testost\u00e9rone aide \u00e0 produire un sentiment de <strong>mieux-\u00eatre<\/strong>, et contribue \u00e0 la sant\u00e9 de la <strong>muqueuse vaginale <\/strong>et des <strong>os<\/strong>. <\/li>\n<li>Elle a \u00e9galement un r\u00f4le \u00e0 jouer dans la sant\u00e9 du <strong>c\u0153ur<\/strong>, ainsi que dans l\u2019\u00e9lasticit\u00e9 de la peau et le maintien, de la <strong>masse musculaire<\/strong>. (R\u00e9f: le Dr John R. Lee, M.D). <\/li>\n<li>La testost\u00e9rone peut se convertir <strong>en \u0153stradiol<\/strong>  par l\u2019action de l\u2019enzyme <strong>aromatase<\/strong> dans les <strong>cellules adipeuses<\/strong>. Cette conversion devient, \u00e0 la m\u00e9nopause  la plus importante source <strong>d\u2019\u0153strog\u00e8ne endog\u00e8ne.<\/strong>,  c&rsquo;est-\u00e0-dire qu&rsquo;ils sont g\u00e9n\u00e9r\u00e9s \u00e0 l&rsquo;int\u00e9rieur de notre corps par un m\u00e9canisme temporel interne : l&rsquo;horloge circadienne. C\u2019est pourquoi plusieurs des sympt\u00f4mes du manque de testost\u00e9rone sont identiques aux sympt\u00f4mes de manque d\u2019\u0153strog\u00e8ne. (R\u00e9f: le Dr John R. Lee, M.D). <\/li>\n<\/td>\n<\/tr>\n<tr>\n<td> <\/td>\n<td> <\/td>\n<\/tr>\n<\/tbody>\n<\/table>\n<div id=\"attachment_11765\" style=\"width: 610px\" class=\"wp-caption aligncenter\"><a href=\"https:\/\/www.holisticattitude.com\/wp-content\/uploads\/\/oestrogen.png\"><img loading=\"lazy\" decoding=\"async\" aria-describedby=\"caption-attachment-11765\" src=\"https:\/\/www.holisticattitude.com\/wp-content\/uploads\/\/oestrogen.png\" alt=\"Principaux effets de l\u2019\u0153strog\u00e8ne\" width=\"600\" height=\"502\" class=\"size-full wp-image-11765\" srcset=\"https:\/\/www.holisticattitude.com\/wp-content\/uploads\/oestrogen.png 600w, https:\/\/www.holisticattitude.com\/wp-content\/uploads\/oestrogen-300x251.png 300w\" sizes=\"auto, (max-width: 600px) 100vw, 600px\" \/><\/a><p id=\"caption-attachment-11765\" class=\"wp-caption-text\">Principaux effets de l\u2019\u0153strog\u00e8ne<\/p><\/div>\n","protected":false},"excerpt":{"rendered":"<p>Les hormones sexuelles naturelles sont des st\u00e9ro\u00efdes (des hormones de croissance) qui interviennent dans la reproduction et le d\u00e9terminisme des caract\u00e8res sexuels. Chez les femmes elles sont en partie responsables du gonflement des seins, de la pilosit\u00e9, la distribution des graisses, la libido, les changements d&rsquo;humeurs et de la constitution du squelette. Chez les hommes [&hellip;]<\/p>\n","protected":false},"author":1,"featured_media":0,"parent":38,"menu_order":8,"comment_status":"open","ping_status":"open","template":"","meta":{"_monsterinsights_skip_tracking":false,"_monsterinsights_sitenote_active":false,"_monsterinsights_sitenote_note":"","_monsterinsights_sitenote_category":0,"slim_seo":{"title":"LES HORMONES SEXUELLES - Holistic Attitude","description":"L'attirance sexuelle, un cocktail d'hormones Les hormones sexuelles naturelles sont des st\u00e9ro\u00efdes (des hormones de croissance) qui interviennent dans la reprodu"},"footnotes":""},"class_list":["post-11438","page","type-page","status-publish","hentry"],"_links":{"self":[{"href":"https:\/\/www.holisticattitude.com\/index.php?rest_route=\/wp\/v2\/pages\/11438","targetHints":{"allow":["GET"]}}],"collection":[{"href":"https:\/\/www.holisticattitude.com\/index.php?rest_route=\/wp\/v2\/pages"}],"about":[{"href":"https:\/\/www.holisticattitude.com\/index.php?rest_route=\/wp\/v2\/types\/page"}],"author":[{"embeddable":true,"href":"https:\/\/www.holisticattitude.com\/index.php?rest_route=\/wp\/v2\/users\/1"}],"replies":[{"embeddable":true,"href":"https:\/\/www.holisticattitude.com\/index.php?rest_route=%2Fwp%2Fv2%2Fcomments&post=11438"}],"version-history":[{"count":15,"href":"https:\/\/www.holisticattitude.com\/index.php?rest_route=\/wp\/v2\/pages\/11438\/revisions"}],"predecessor-version":[{"id":15202,"href":"https:\/\/www.holisticattitude.com\/index.php?rest_route=\/wp\/v2\/pages\/11438\/revisions\/15202"}],"up":[{"embeddable":true,"href":"https:\/\/www.holisticattitude.com\/index.php?rest_route=\/wp\/v2\/pages\/38"}],"wp:attachment":[{"href":"https:\/\/www.holisticattitude.com\/index.php?rest_route=%2Fwp%2Fv2%2Fmedia&parent=11438"}],"curies":[{"name":"wp","href":"https:\/\/api.w.org\/{rel}","templated":true}]}}